{"id":98,"date":"2021-01-14T18:38:21","date_gmt":"2021-01-14T17:38:21","guid":{"rendered":"http:\/\/triangle-de-weimar.org\/?page_id=98"},"modified":"2021-01-24T12:14:24","modified_gmt":"2021-01-24T11:14:24","slug":"devenir-partenaire","status":"publish","type":"page","link":"https:\/\/triangle-de-weimar.org\/index.php\/devenir-partenaire\/","title":{"rendered":"Devenir partenaire"},"content":{"rendered":"<p>Vous travaillez dans une association, une f\u00e9d\u00e9ration ou une institution et vous souhaitez soutenir ou participer \u00e0 des projets trilat\u00e9raux franco-germano-polonais ?\u00a0 N&rsquo;h\u00e9sitez pas \u00e0 contacter l&rsquo;Association Triangle de Weimar pour initier de nouveaux partenariats et prendre part au d\u00e9veloppement de l&rsquo;amiti\u00e9 entre nos trois pays au sein de la soci\u00e9t\u00e9 civile.<\/p>\n<p>Pour prendre contact avec nos \u00e9quipes, veuillez \u00e9crire \u00e0 l&rsquo;adresse <a href=\"association@triangle-de-weimar.org\">association@triangle-de-weimar.org<\/a><\/p>\n","protected":false},"excerpt":{"rendered":"<p>Vous travaillez dans une association, une f\u00e9d\u00e9ration ou une institution et vous souhaitez soutenir ou participer \u00e0 des projets trilat\u00e9raux franco-germano-polonais ?\u00a0 N&rsquo;h\u00e9sitez pas \u00e0 contacter l&rsquo;Association Triangle de Weimar pour initier de nouveaux partenariats et prendre part au d\u00e9veloppement &hellip; <a href=\"https:\/\/triangle-de-weimar.org\/index.php\/devenir-partenaire\/\">Continuer la lecture <span class=\"meta-nav\">&rarr;<\/span><\/a><\/p>\n","protected":false},"author":1,"featured_media":0,"parent":0,"menu_order":0,"comment_status":"closed","ping_status":"closed","template":"","meta":{"footnotes":""},"class_list":["post-98","page","type-page","status-publish","hentry"],"_links":{"self":[{"href":"https:\/\/triangle-de-weimar.org\/index.php\/wp-json\/wp\/v2\/pages\/98","targetHints":{"allow":["GET"]}}],"collection":[{"href":"https:\/\/triangle-de-weimar.org\/index.php\/wp-json\/wp\/v2\/pages"}],"about":[{"href":"https:\/\/triangle-de-weimar.org\/index.php\/wp-json\/wp\/v2\/types\/page"}],"author":[{"embeddable":true,"href":"https:\/\/triangle-de-weimar.org\/index.php\/wp-json\/wp\/v2\/users\/1"}],"replies":[{"embeddable":true,"href":"https:\/\/triangle-de-weimar.org\/index.php\/wp-json\/wp\/v2\/comments?post=98"}],"version-history":[{"count":3,"href":"https:\/\/triangle-de-weimar.org\/index.php\/wp-json\/wp\/v2\/pages\/98\/revisions"}],"predecessor-version":[{"id":107,"href":"https:\/\/triangle-de-weimar.org\/index.php\/wp-json\/wp\/v2\/pages\/98\/revisions\/107"}],"wp:attachment":[{"href":"https:\/\/triangle-de-weimar.org\/index.php\/wp-json\/wp\/v2\/media?parent=98"}],"curies":[{"name":"wp","href":"https:\/\/api.w.org\/{rel}","templated":true}]}}