{"id":95,"date":"2021-01-14T18:17:30","date_gmt":"2021-01-14T17:17:30","guid":{"rendered":"http:\/\/triangle-de-weimar.org\/?page_id=95"},"modified":"2021-01-14T18:17:30","modified_gmt":"2021-01-14T17:17:30","slug":"decouvrir","status":"publish","type":"page","link":"https:\/\/triangle-de-weimar.org\/index.php\/decouvrir\/","title":{"rendered":"D\u00e9couvrir"},"content":{"rendered":"<p>L&rsquo;Association Triangle de Weimar trouve son origine dans l&rsquo;accord historique pass\u00e9 entre la France, l&rsquo;Allemagne et la Pologne visant \u00e0 renforcer les liens d&rsquo;amiti\u00e9s entre ces pays. Pour en savoir plus sur le Triangle de Weimar et notre association, visitez nos pages d\u00e9di\u00e9es :<\/p>\n<p><a href=\"http:\/\/triangle-de-weimar.org\/index.php\/lhistoire-du-triangle-de-weimar\/\">L&rsquo;Histoire du Triangle de Weimar<\/a><\/p>\n<p><a href=\"http:\/\/triangle-de-weimar.org\/index.php\/nos-missions\/\">Nos Missions<\/a><\/p>\n<p>L&rsquo;\u00e9quipe<\/p>\n<p><a href=\"http:\/\/triangle-de-weimar.org\/index.php\/partenaires\/\">Nos partenaires<\/a><\/p>\n","protected":false},"excerpt":{"rendered":"<p>L&rsquo;Association Triangle de Weimar trouve son origine dans l&rsquo;accord historique pass\u00e9 entre la France, l&rsquo;Allemagne et la Pologne visant \u00e0 renforcer les liens d&rsquo;amiti\u00e9s entre ces pays. Pour en savoir plus sur le Triangle de Weimar et notre association, visitez &hellip; <a href=\"https:\/\/triangle-de-weimar.org\/index.php\/decouvrir\/\">Continuer la lecture <span class=\"meta-nav\">&rarr;<\/span><\/a><\/p>\n","protected":false},"author":1,"featured_media":0,"parent":0,"menu_order":0,"comment_status":"closed","ping_status":"closed","template":"","meta":{"footnotes":""},"class_list":["post-95","page","type-page","status-publish","hentry"],"_links":{"self":[{"href":"https:\/\/triangle-de-weimar.org\/index.php\/wp-json\/wp\/v2\/pages\/95","targetHints":{"allow":["GET"]}}],"collection":[{"href":"https:\/\/triangle-de-weimar.org\/index.php\/wp-json\/wp\/v2\/pages"}],"about":[{"href":"https:\/\/triangle-de-weimar.org\/index.php\/wp-json\/wp\/v2\/types\/page"}],"author":[{"embeddable":true,"href":"https:\/\/triangle-de-weimar.org\/index.php\/wp-json\/wp\/v2\/users\/1"}],"replies":[{"embeddable":true,"href":"https:\/\/triangle-de-weimar.org\/index.php\/wp-json\/wp\/v2\/comments?post=95"}],"version-history":[{"count":1,"href":"https:\/\/triangle-de-weimar.org\/index.php\/wp-json\/wp\/v2\/pages\/95\/revisions"}],"predecessor-version":[{"id":96,"href":"https:\/\/triangle-de-weimar.org\/index.php\/wp-json\/wp\/v2\/pages\/95\/revisions\/96"}],"wp:attachment":[{"href":"https:\/\/triangle-de-weimar.org\/index.php\/wp-json\/wp\/v2\/media?parent=95"}],"curies":[{"name":"wp","href":"https:\/\/api.w.org\/{rel}","templated":true}]}}