{"id":92,"date":"2021-01-12T19:40:36","date_gmt":"2021-01-12T18:40:36","guid":{"rendered":"http:\/\/triangle-de-weimar.org\/?page_id=92"},"modified":"2025-10-08T21:35:34","modified_gmt":"2025-10-08T19:35:34","slug":"nos-activites","status":"publish","type":"page","link":"https:\/\/triangle-de-weimar.org\/index.php\/nos-activites\/","title":{"rendered":"Nos activit\u00e9s"},"content":{"rendered":"<p>Les activit\u00e9s de l&rsquo;Association Triangle de Weimar se distinguent en trois cat\u00e9gories adapt\u00e9es aux participants cibl\u00e9s.<\/p>\n<p>Le <a href=\"http:\/\/triangle-de-weimar.org\/index.php\/le-petit-triangle-de-weimar\/\">Petit Triangle de Weimar <\/a>s&rsquo;adresse \u00e0 un public scolaire \u00e0 travers notamment l&rsquo;organisation d&rsquo;\u00e9changes.<\/p>\n<p>Le <a href=\"https:\/\/triangle-de-weimar.org\/index.php\/le-jeune-triangle-de-weimar\/\">Jeune Triangle de Weimar<\/a> entend quant \u00e0 lui organiser des activit\u00e9s \u00e0 destination des \u00e9tudiants et des jeunes actifs d\u00e9sireux de participer au projet et \u00e0 l&rsquo;amiti\u00e9 franco-germano-polonaise.<\/p>\n<p>Enfin, le <a href=\"http:\/\/triangle-de-weimar.org\/index.php\/le-triangle-de-weimar\/\">Triangle de Weimar<\/a> met en relation des institutions, des associations, des chercheurs, des artistes&#8230; oeuvrant et donnant vie \u00e0 la coop\u00e9ration trilat\u00e9rale entre la France, l&rsquo;Allemagne et la Pologne.<\/p>\n<p>Pour en conna\u00eetre davantage, consultez notre rapport d&rsquo;activit\u00e9 retra\u00e7ant nos actions depuis ces dix derni\u00e8res ann\u00e9es: <a href=\"http:\/\/triangle-de-weimar.org\/wp-content\/uploads\/2021\/08\/Broschuere_10_Jahre_WD_FR.pdf\">Rapport d&rsquo;activit\u00e9 &#8211; 10 ans<\/a><\/p>\n","protected":false},"excerpt":{"rendered":"<p>Les activit\u00e9s de l&rsquo;Association Triangle de Weimar se distinguent en trois cat\u00e9gories adapt\u00e9es aux participants cibl\u00e9s. Le Petit Triangle de Weimar s&rsquo;adresse \u00e0 un public scolaire \u00e0 travers notamment l&rsquo;organisation d&rsquo;\u00e9changes. Le Jeune Triangle de Weimar entend quant \u00e0 lui &hellip; <a href=\"https:\/\/triangle-de-weimar.org\/index.php\/nos-activites\/\">Continuer la lecture <span class=\"meta-nav\">&rarr;<\/span><\/a><\/p>\n","protected":false},"author":1,"featured_media":0,"parent":0,"menu_order":0,"comment_status":"closed","ping_status":"closed","template":"","meta":{"footnotes":""},"class_list":["post-92","page","type-page","status-publish","hentry"],"_links":{"self":[{"href":"https:\/\/triangle-de-weimar.org\/index.php\/wp-json\/wp\/v2\/pages\/92","targetHints":{"allow":["GET"]}}],"collection":[{"href":"https:\/\/triangle-de-weimar.org\/index.php\/wp-json\/wp\/v2\/pages"}],"about":[{"href":"https:\/\/triangle-de-weimar.org\/index.php\/wp-json\/wp\/v2\/types\/page"}],"author":[{"embeddable":true,"href":"https:\/\/triangle-de-weimar.org\/index.php\/wp-json\/wp\/v2\/users\/1"}],"replies":[{"embeddable":true,"href":"https:\/\/triangle-de-weimar.org\/index.php\/wp-json\/wp\/v2\/comments?post=92"}],"version-history":[{"count":3,"href":"https:\/\/triangle-de-weimar.org\/index.php\/wp-json\/wp\/v2\/pages\/92\/revisions"}],"predecessor-version":[{"id":390,"href":"https:\/\/triangle-de-weimar.org\/index.php\/wp-json\/wp\/v2\/pages\/92\/revisions\/390"}],"wp:attachment":[{"href":"https:\/\/triangle-de-weimar.org\/index.php\/wp-json\/wp\/v2\/media?parent=92"}],"curies":[{"name":"wp","href":"https:\/\/api.w.org\/{rel}","templated":true}]}}