{"id":84,"date":"2021-01-12T19:30:01","date_gmt":"2021-01-12T18:30:01","guid":{"rendered":"http:\/\/triangle-de-weimar.org\/?page_id=84"},"modified":"2021-01-24T12:50:30","modified_gmt":"2021-01-24T11:50:30","slug":"le-triangle-de-weimar","status":"publish","type":"page","link":"https:\/\/triangle-de-weimar.org\/index.php\/le-triangle-de-weimar\/","title":{"rendered":"Le Triangle de Weimar"},"content":{"rendered":"<p>Les activit\u00e9s li\u00e9es au Triangle de Weimar rel\u00e8vent de domaines vari\u00e9s touchant \u00e0 l&rsquo;amiti\u00e9 franco-germano-polonaise : artistique, politique, linguistique,\u00a0acad\u00e9mique&#8230;<\/p>\n<p>L&rsquo;agenda de 2021 promet d&rsquo;\u00eatre vari\u00e9 et de s&rsquo;adresser aux diff\u00e9rents domaines de l&rsquo;amiti\u00e9 franco-germano-polonaise, comme en t\u00e9moignent les projets suivants :<\/p>\n<ul>\n<li>Exposition itin\u00e9rante de jeunes artistes d&rsquo;Allemagne, de Pologne et de France &#8211; La s\u00e9lection des artistes participants est \u00e0 la charge de l&rsquo;association de chaque pays. L&rsquo;exposition sera pr\u00e9sent\u00e9e d&rsquo;abord \u00e0 Paris, puis en Allemagne et en Pologne. (2021 -2022)<\/li>\n<li>Conf\u00e9rence pour c\u00e9l\u00e9brer le 30<sup>\u00e8me<\/sup> anniversaire du Triangle de Weimar \u00e0 la Maison Heinrich Heine \u00e0 Paris avec des repr\u00e9sentants \u00e9minents des trois pays. (2021)<\/li>\n<li>Conf\u00e9rence virtuelle sur la mise en \u0153uvre de la directive r\u00e9form\u00e9e sur le d\u00e9tachement de travailleurs de la Commission europ\u00e9enne &#8211; en coop\u00e9ration avec les AHK des L\u00e4nder et les Eurochambres (2021)<\/li>\n<li>Promotion de la coop\u00e9ration universitaire<\/li>\n<\/ul>\n<p>Vous trouverez ci-dessous une pr\u00e9sentation des diff\u00e9rentes missions que nous menons d&rsquo;ores et d\u00e9j\u00e0 dans le cadre du Triangle de Weimar :<\/p>\n<hr \/>\n<p style=\"text-align: center;\"><strong>La remise du Prix Adam Mickiewicz<\/strong><\/p>\n<p><img loading=\"lazy\" decoding=\"async\" class=\"alignnone size-full wp-image-85 aligncenter\" src=\"http:\/\/triangle-de-weimar.org\/wp-content\/uploads\/2021\/01\/Prix-Adam-Mickiewicz.png\" alt=\"Prix Adam Mickiewicz\" width=\"172\" height=\"199\" \/><\/p>\n<p style=\"text-align: center;\"><em>Le troph\u00e9e remis aux laur\u00e9ats : un portrait d\u2019Adam Mickiewicz<\/em><\/p>\n<p>Symbole fort pour ce 25e anniversaire du Triangle de Weimar, le prix \u00e9tait attribu\u00e9 aux trois Ministres des Affaires Etrang\u00e8res polonais, fran\u00e7ais et allemand, respectivement Witold Waszczykowski, Jean-Marc Ayrault and Frank-Walter Steinmeier pour leurs services rendus au Triangle de Weimar, leur contributions personnelles tout au long de ces 25 ann\u00e9es au d\u00e9veloppement de la coop\u00e9ration dans le cadre de ce triangle polono-franco-germanique.<\/p>\n<p>Voir\/ t\u00e9l\u00e9charger le\u00a0<strong><a href=\"http:\/\/www.fafapourleurope.fr\/wp-content\/uploads\/2016\/10\/Dipl%C3%B4me-du-Prix-Adam-Mickiewicz-2016.pdf\">Dipl\u00f4me du\u00a0Prix\u00a0Adam Mickiewicz 2016<\/a><\/strong><\/p>\n<p>En 2006, les premier laur\u00e9ats du prix \u00e9taient les trois Ministres des Affaires Etrang\u00e8res fondateurs du Triangle de Weimar :\u00a0 Ministers Krzysztof Skubiszewski, Roland Dumas and Hans-Dietrich Genscher.<\/p>\n<p>A citer parmi la liste des laur\u00e9ats r\u00e9cents :<\/p>\n<ul>\n<li>l\u2019historien, s\u00e9nateur et ministre polonais des Affaires \u00e9trang\u00e8res W\u0142adys\u0142aw Bartoszewski (d\u00e9c\u00e9d\u00e9 en 2015), qui f\u00fbt \u00e9galement un grand r\u00e9sistant et reconnu\u00a0\u00ab<strong>\u00a0<\/strong><a href=\"https:\/\/fr.wikipedia.org\/wiki\/Juste_parmi_les_nations\"><strong>Juste parmi les nations<\/strong><\/a>\u00a0\u00bb<\/li>\n<li>le\u00a0Professeur Micha\u0142 Kleiber<\/li>\n<li>l\u2019Office Germano-Polonais de la Jeunesse<\/li>\n<li>L\u2019Institut Adam Mickiewicz<\/li>\n<li>La Province polonaise Ma\u0142opolska<\/li>\n<li>\u2026.<\/li>\n<\/ul>\n<p>Voir la liste alphab\u00e9tique compl\u00e8te \u00e0 la fin du\u00a0<strong><a href=\"http:\/\/www.fafapourleurope.fr\/wp-content\/uploads\/2016\/10\/Communiqu%C3%A9-de-presse.pdf\">Communiqu\u00e9 de presse<\/a><\/strong>\u00a0de la remise du prix (en allemand)<\/p>\n<p>Lire \/ t\u00e9l\u00e9charger\u00a0<a href=\"https:\/\/fr.wikipedia.org\/wiki\/Adam_Mickiewicz\"><strong>l<\/strong><strong>a page wikipedia consacr\u00e9e \u00e0 Adam Mickiewicz<\/strong><\/a>\u00a0po\u00e8te et \u00e9crivain polonais, consid\u00e9r\u00e9 comme l\u2019un des plus grands po\u00e8tes romantiques.<\/p>\n","protected":false},"excerpt":{"rendered":"<p>Les activit\u00e9s li\u00e9es au Triangle de Weimar rel\u00e8vent de domaines vari\u00e9s touchant \u00e0 l&rsquo;amiti\u00e9 franco-germano-polonaise : artistique, politique, linguistique,\u00a0acad\u00e9mique&#8230; L&rsquo;agenda de 2021 promet d&rsquo;\u00eatre vari\u00e9 et de s&rsquo;adresser aux diff\u00e9rents domaines de l&rsquo;amiti\u00e9 franco-germano-polonaise, comme en t\u00e9moignent les projets suivants &hellip; <a href=\"https:\/\/triangle-de-weimar.org\/index.php\/le-triangle-de-weimar\/\">Continuer la lecture <span class=\"meta-nav\">&rarr;<\/span><\/a><\/p>\n","protected":false},"author":1,"featured_media":0,"parent":0,"menu_order":0,"comment_status":"closed","ping_status":"closed","template":"","meta":{"footnotes":""},"class_list":["post-84","page","type-page","status-publish","hentry"],"_links":{"self":[{"href":"https:\/\/triangle-de-weimar.org\/index.php\/wp-json\/wp\/v2\/pages\/84","targetHints":{"allow":["GET"]}}],"collection":[{"href":"https:\/\/triangle-de-weimar.org\/index.php\/wp-json\/wp\/v2\/pages"}],"about":[{"href":"https:\/\/triangle-de-weimar.org\/index.php\/wp-json\/wp\/v2\/types\/page"}],"author":[{"embeddable":true,"href":"https:\/\/triangle-de-weimar.org\/index.php\/wp-json\/wp\/v2\/users\/1"}],"replies":[{"embeddable":true,"href":"https:\/\/triangle-de-weimar.org\/index.php\/wp-json\/wp\/v2\/comments?post=84"}],"version-history":[{"count":4,"href":"https:\/\/triangle-de-weimar.org\/index.php\/wp-json\/wp\/v2\/pages\/84\/revisions"}],"predecessor-version":[{"id":112,"href":"https:\/\/triangle-de-weimar.org\/index.php\/wp-json\/wp\/v2\/pages\/84\/revisions\/112"}],"wp:attachment":[{"href":"https:\/\/triangle-de-weimar.org\/index.php\/wp-json\/wp\/v2\/media?parent=84"}],"curies":[{"name":"wp","href":"https:\/\/api.w.org\/{rel}","templated":true}]}}