{"id":407,"date":"2025-10-17T23:12:29","date_gmt":"2025-10-17T21:12:29","guid":{"rendered":"https:\/\/triangle-de-weimar.org\/?page_id=407"},"modified":"2025-10-17T23:19:36","modified_gmt":"2025-10-17T21:19:36","slug":"presentation-de-lassociation","status":"publish","type":"page","link":"https:\/\/triangle-de-weimar.org\/","title":{"rendered":"L&rsquo;association"},"content":{"rendered":"\n<p><strong>Le Triangle de Weimar<\/strong>&nbsp;est une association civile&nbsp;<strong>apolitique<\/strong>&nbsp;fond\u00e9e en&nbsp;<strong>France en 2015<\/strong>.<br>Elle a une vocation culturelle, \u00e9ducative et linguistique, et a pour mission de favoriser les \u00e9changes entre jeunes Europ\u00e9ens ainsi que de promouvoir la coop\u00e9ration entre la France, l\u2019Allemagne et la Pologne.&nbsp;&nbsp;<\/p>\n\n\n\n<p>Compos\u00e9e exclusivement de&nbsp;<strong>b\u00e9n\u00e9voles<\/strong>, l\u2019association entretient des&nbsp;<strong>liens \u00e9troits avec ses partenaires allemands (Weimar Dreieck Verein)<\/strong>&nbsp;et&nbsp;<strong>polonais (Tr\u00f3jk\u0105t Weimarski)<\/strong>, ainsi qu\u2019avec la&nbsp;<strong>FAFA<\/strong>&nbsp;(F\u00e9d\u00e9ration des Acteurs Franco-Allemands).<\/p>\n\n\n\n<p>Son&nbsp;<strong>logo<\/strong>&nbsp;refl\u00e8te cette amiti\u00e9 tripartite \u00e0 travers les&nbsp;<strong>couleurs des trois drapeaux nationaux<\/strong>, symbole de notre engagement commun pour une Europe unie.<\/p>\n\n\n\n<h2 class=\"wp-block-heading\">Nos objectifs<\/h2>\n\n\n\n<p>Le Triangle de Weimar vise \u00e0&nbsp;<strong>renforcer les relations entre la France, l\u2019Allemagne et la Pologne<\/strong>, en encourageant la compr\u00e9hension mutuelle et la reconstruction morale d\u2019une&nbsp;<strong>Europe solidaire<\/strong>.<\/p>\n\n\n\n<p>Gr\u00e2ce \u00e0 des&nbsp;<strong>\u00e9changes trinationaux<\/strong>&nbsp;organis\u00e9s dans le cadre&nbsp;<strong>scolaire et universitaire<\/strong>, nous aidons les jeunes \u00e0&nbsp;<strong>d\u00e9velopper leur conscience europ\u00e9enne et citoyenne<\/strong>.<br>Nos projets sont&nbsp;<strong>ouverts \u00e0 tous, sans discrimination ni fronti\u00e8re.<\/strong><\/p>\n\n\n\n<h2 class=\"wp-block-heading\">Nos moyens<\/h2>\n\n\n\n<p>Nos actions sont soutenues par des\u00a0<strong>subventions de l\u2019OFAJ (Office franco-allemand pour la jeunesse)<\/strong>, compl\u00e9t\u00e9es par\u00a0<strong>des dons et partenariats associatifs ou priv\u00e9s<\/strong>.<br>Ces aides nous permettent de proposer des projets ambitieux, accessibles et enrichissants.<\/p>\n\n\n\n<h2 class=\"wp-block-heading\">Notre engagement<\/h2>\n\n\n\n<p>Notre plus belle r\u00e9compense ? La joie des participants et la profonde satisfaction de voir s\u2019\u00e9veiller chez les jeunes une curiosit\u00e9 et une ouverture culturelle europ\u00e9ennes.\u00a0\u00a0<\/p>\n\n\n\n<p>Ensemble, nous souhaitons\u00a0<strong>faire vivre l\u2019esprit europ\u00e9en<\/strong>\u00a0et\u00a0<strong>apporter notre pierre \u00e0 la construction d\u2019une Europe humaine et solidaire.<\/strong><\/p>\n\n\n\n<p><\/p>\n","protected":false},"excerpt":{"rendered":"<p>Le Triangle de Weimar&nbsp;est une association civile&nbsp;apolitique&nbsp;fond\u00e9e en&nbsp;France en 2015.Elle a une vocation culturelle, \u00e9ducative et linguistique, et a pour mission de favoriser les \u00e9changes entre jeunes Europ\u00e9ens ainsi que de promouvoir la coop\u00e9ration entre la France, l\u2019Allemagne et la &hellip; <a href=\"https:\/\/triangle-de-weimar.org\/\">Continuer la lecture <span class=\"meta-nav\">&rarr;<\/span><\/a><\/p>\n","protected":false},"author":1,"featured_media":0,"parent":0,"menu_order":0,"comment_status":"closed","ping_status":"closed","template":"","meta":{"footnotes":""},"class_list":["post-407","page","type-page","status-publish","hentry"],"_links":{"self":[{"href":"https:\/\/triangle-de-weimar.org\/index.php\/wp-json\/wp\/v2\/pages\/407","targetHints":{"allow":["GET"]}}],"collection":[{"href":"https:\/\/triangle-de-weimar.org\/index.php\/wp-json\/wp\/v2\/pages"}],"about":[{"href":"https:\/\/triangle-de-weimar.org\/index.php\/wp-json\/wp\/v2\/types\/page"}],"author":[{"embeddable":true,"href":"https:\/\/triangle-de-weimar.org\/index.php\/wp-json\/wp\/v2\/users\/1"}],"replies":[{"embeddable":true,"href":"https:\/\/triangle-de-weimar.org\/index.php\/wp-json\/wp\/v2\/comments?post=407"}],"version-history":[{"count":5,"href":"https:\/\/triangle-de-weimar.org\/index.php\/wp-json\/wp\/v2\/pages\/407\/revisions"}],"predecessor-version":[{"id":413,"href":"https:\/\/triangle-de-weimar.org\/index.php\/wp-json\/wp\/v2\/pages\/407\/revisions\/413"}],"wp:attachment":[{"href":"https:\/\/triangle-de-weimar.org\/index.php\/wp-json\/wp\/v2\/media?parent=407"}],"curies":[{"name":"wp","href":"https:\/\/api.w.org\/{rel}","templated":true}]}}