{"id":393,"date":"2025-10-09T21:18:41","date_gmt":"2025-10-09T19:18:41","guid":{"rendered":"https:\/\/triangle-de-weimar.org\/?page_id=393"},"modified":"2025-10-09T21:38:45","modified_gmt":"2025-10-09T19:38:45","slug":"mentions-legales","status":"publish","type":"page","link":"https:\/\/triangle-de-weimar.org\/index.php\/mentions-legales\/","title":{"rendered":"Mentions l\u00e9gales"},"content":{"rendered":"\n<p><\/p>\n\n\n\n<h2 class=\"wp-block-heading\">Nos Statuts<\/h2>\n\n\n\n<div data-wp-interactive=\"core\/file\" class=\"wp-block-file\"><object data-wp-bind--hidden=\"!state.hasPdfPreview\" hidden class=\"wp-block-file__embed\" data=\"https:\/\/triangle-de-weimar.org\/wp-content\/uploads\/2025\/10\/Statuts-au-6-juillet-2022.pdf\" type=\"application\/pdf\" style=\"width:100%;height:600px\" aria-label=\"Contenu embarqu\u00e9 Statuts au 6 juillet 2022.\"><\/object><a id=\"wp-block-file--media-59715f24-1d23-476b-bb88-d983aeb3efc4\" href=\"https:\/\/triangle-de-weimar.org\/wp-content\/uploads\/2025\/10\/Statuts-au-6-juillet-2022.pdf\">Statuts au 6 juillet 2022<\/a><a href=\"https:\/\/triangle-de-weimar.org\/wp-content\/uploads\/2025\/10\/Statuts-au-6-juillet-2022.pdf\" class=\"wp-block-file__button wp-element-button\" download aria-describedby=\"wp-block-file--media-59715f24-1d23-476b-bb88-d983aeb3efc4\">T\u00e9l\u00e9charger<\/a><\/div>\n\n\n\n<h2 class=\"wp-block-heading\">Proc\u00e8s verbal du 10 octobre 2024<\/h2>\n\n\n\n<div data-wp-interactive=\"core\/file\" class=\"wp-block-file\"><object data-wp-bind--hidden=\"!state.hasPdfPreview\" hidden class=\"wp-block-file__embed\" data=\"https:\/\/triangle-de-weimar.org\/wp-content\/uploads\/2025\/10\/Proces-verbal-AG-du-10-octobre-2024.pdf\" type=\"application\/pdf\" style=\"width:100%;height:600px\" aria-label=\"Contenu embarqu\u00e9 Proc\u00e8s verbal AG du 10 octobre 2024.\"><\/object><a id=\"wp-block-file--media-d5d98fb7-c279-483f-9206-f688d36479ab\" href=\"https:\/\/triangle-de-weimar.org\/wp-content\/uploads\/2025\/10\/Proces-verbal-AG-du-10-octobre-2024.pdf\">Proc\u00e8s verbal AG du 10 octobre 2024<\/a><a href=\"https:\/\/triangle-de-weimar.org\/wp-content\/uploads\/2025\/10\/Proces-verbal-AG-du-10-octobre-2024.pdf\" class=\"wp-block-file__button wp-element-button\" download aria-describedby=\"wp-block-file--media-d5d98fb7-c279-483f-9206-f688d36479ab\">T\u00e9l\u00e9charger<\/a><\/div>\n\n\n\n<h2 class=\"wp-block-heading\">Situation au r\u00e9pertoire Sirene<\/h2>\n\n\n\n<div data-wp-interactive=\"core\/file\" class=\"wp-block-file\"><object data-wp-bind--hidden=\"!state.hasPdfPreview\" hidden class=\"wp-block-file__embed\" data=\"https:\/\/triangle-de-weimar.org\/wp-content\/uploads\/2025\/10\/Situation-au-repertoire-Sirene.pdf\" type=\"application\/pdf\" style=\"width:100%;height:600px\" aria-label=\"Contenu embarqu\u00e9 Situation au r\u00e9pertoire Sirene.\"><\/object><a id=\"wp-block-file--media-0fcc239c-fed3-43ae-90cb-a6442df508bb\" href=\"https:\/\/triangle-de-weimar.org\/wp-content\/uploads\/2025\/10\/Situation-au-repertoire-Sirene.pdf\">Situation au r\u00e9pertoire Sirene<\/a><a href=\"https:\/\/triangle-de-weimar.org\/wp-content\/uploads\/2025\/10\/Situation-au-repertoire-Sirene.pdf\" class=\"wp-block-file__button wp-element-button\" download aria-describedby=\"wp-block-file--media-0fcc239c-fed3-43ae-90cb-a6442df508bb\">T\u00e9l\u00e9charger<\/a><\/div>\n\n\n\n<h2 class=\"wp-block-heading\">Annexe du journal officiel &#8211; cr\u00e9ation association &#8211; r\u00e9c\u00e9piss\u00e9<\/h2>\n\n\n\n<div data-wp-interactive=\"core\/file\" class=\"wp-block-file\"><object data-wp-bind--hidden=\"!state.hasPdfPreview\" hidden class=\"wp-block-file__embed\" data=\"https:\/\/triangle-de-weimar.org\/wp-content\/uploads\/2025\/10\/Annexe-du-journal-officiel-creation-association-recepisse.pdf\" type=\"application\/pdf\" style=\"width:100%;height:600px\" aria-label=\"Contenu embarqu\u00e9 Annexe du journal officiel - cr\u00e9ation association - r\u00e9c\u00e9piss\u00e9.\"><\/object><a id=\"wp-block-file--media-49c20947-f2d5-498e-b533-2ab0ab424940\" href=\"https:\/\/triangle-de-weimar.org\/wp-content\/uploads\/2025\/10\/Annexe-du-journal-officiel-creation-association-recepisse.pdf\">Annexe du journal officiel &#8211; cr\u00e9ation association &#8211; r\u00e9c\u00e9piss\u00e9<\/a><a href=\"https:\/\/triangle-de-weimar.org\/wp-content\/uploads\/2025\/10\/Annexe-du-journal-officiel-creation-association-recepisse.pdf\" class=\"wp-block-file__button wp-element-button\" download aria-describedby=\"wp-block-file--media-49c20947-f2d5-498e-b533-2ab0ab424940\">T\u00e9l\u00e9charger<\/a><\/div>\n\n\n\n<h2 class=\"wp-block-heading\"><\/h2>\n","protected":false},"excerpt":{"rendered":"<p>Nos Statuts Proc\u00e8s verbal du 10 octobre 2024 Situation au r\u00e9pertoire Sirene Annexe du journal officiel &#8211; cr\u00e9ation association &#8211; r\u00e9c\u00e9piss\u00e9<\/p>\n","protected":false},"author":1,"featured_media":0,"parent":0,"menu_order":0,"comment_status":"closed","ping_status":"closed","template":"","meta":{"footnotes":""},"class_list":["post-393","page","type-page","status-publish","hentry"],"_links":{"self":[{"href":"https:\/\/triangle-de-weimar.org\/index.php\/wp-json\/wp\/v2\/pages\/393","targetHints":{"allow":["GET"]}}],"collection":[{"href":"https:\/\/triangle-de-weimar.org\/index.php\/wp-json\/wp\/v2\/pages"}],"about":[{"href":"https:\/\/triangle-de-weimar.org\/index.php\/wp-json\/wp\/v2\/types\/page"}],"author":[{"embeddable":true,"href":"https:\/\/triangle-de-weimar.org\/index.php\/wp-json\/wp\/v2\/users\/1"}],"replies":[{"embeddable":true,"href":"https:\/\/triangle-de-weimar.org\/index.php\/wp-json\/wp\/v2\/comments?post=393"}],"version-history":[{"count":4,"href":"https:\/\/triangle-de-weimar.org\/index.php\/wp-json\/wp\/v2\/pages\/393\/revisions"}],"predecessor-version":[{"id":404,"href":"https:\/\/triangle-de-weimar.org\/index.php\/wp-json\/wp\/v2\/pages\/393\/revisions\/404"}],"wp:attachment":[{"href":"https:\/\/triangle-de-weimar.org\/index.php\/wp-json\/wp\/v2\/media?parent=393"}],"curies":[{"name":"wp","href":"https:\/\/api.w.org\/{rel}","templated":true}]}}