{"id":29,"date":"2021-01-01T20:23:22","date_gmt":"2021-01-01T19:23:22","guid":{"rendered":"http:\/\/triangle-de-weimar.org\/?page_id=29"},"modified":"2021-01-08T21:57:00","modified_gmt":"2021-01-08T20:57:00","slug":"lhistoire-du-triangle-de-weimar","status":"publish","type":"page","link":"https:\/\/triangle-de-weimar.org\/index.php\/lhistoire-du-triangle-de-weimar\/","title":{"rendered":"L&rsquo;Histoire du Triangle de Weimar"},"content":{"rendered":"<p style=\"text-align: left;\">Le Triangle de Weimar est un forum de coop\u00e9ration compos\u00e9 de la France, l&rsquo;Allemagne et la Pologne, trois pays qui p\u00e8sent un poids consid\u00e9rable en Europe, avec 200 millions d&rsquo;habitants (sur les 500 millions que compte l&rsquo;Union europ\u00e9enne).<\/p>\n<p style=\"text-align: left;\">L&rsquo;initiative de cette coop\u00e9ration \u00e9troite entre la Pologne, l&rsquo;Allemagne et la France, revient au ministre des Affaires \u00e9trang\u00e8res allemand\u00a0Hans-Dietrich Genscher. Convaincu de l&rsquo;importance de la coop\u00e9ration europ\u00e9enne et fervent artisan de la\u00a0Coop\u00e9ration politique europ\u00e9enne, celui-ci r\u00e9unit ses homologues polonais et fran\u00e7ais\u00a0Krzysztof Skubiszewski\u00a0et\u00a0Roland Dumas\u00a0le\u00a028 et le 29 ao\u00fbt 1991\u00a0\u00e0\u00a0Weimar.<\/p>\n<p style=\"text-align: center;\"><img loading=\"lazy\" decoding=\"async\" class=\"size-medium wp-image-72 aligncenter\" src=\"http:\/\/triangle-de-weimar.org\/wp-content\/uploads\/2021\/01\/signature-300x222.jpg\" alt=\"signature\" width=\"300\" height=\"222\" srcset=\"https:\/\/triangle-de-weimar.org\/wp-content\/uploads\/2021\/01\/signature-300x222.jpg 300w, https:\/\/triangle-de-weimar.org\/wp-content\/uploads\/2021\/01\/signature.jpg 330w\" sizes=\"auto, (max-width: 300px) 100vw, 300px\" \/><em>Signature de l&rsquo;accord du Triangle de Weimar par\u00a0Krzysztof Skubiszewski,\u00a0Hans-Dietrich Genscher et Roland Dumas<\/em><\/p>\n<p style=\"text-align: left;\">La cr\u00e9ation du triangle de Weimar r\u00e9pondait \u00e0 l\u2019id\u00e9e que la France, l\u2019Allemagne et la Pologne partageaient fondamentalement une vision commune du devenir de l\u2019Europe et que la r\u00e9conciliation des soci\u00e9t\u00e9s constituait le pr\u00e9alable d\u2019une action concert\u00e9e au sein de celle-ci. D\u2019abord enceinte privil\u00e9gi\u00e9e ayant vocation \u00e0 appuyer la r\u00e9conciliation germano-polonaise, inspir\u00e9e de l\u2019exp\u00e9rience franco-allemande, l\u2019adh\u00e9sion polonaise \u00e0 l\u2019Union europ\u00e9enne en 2004 a fait \u00e9voluer le format vers une enceinte de concertation en amont des n\u00e9gociations europ\u00e9ennes.<\/p>\n<p style=\"text-align: left;\">Les repr\u00e9sentants des trois pays se rencontrent r\u00e9guli\u00e8rement et le dernier Sommet du Triangle de Weimar (Pr\u00e9sident de la R\u00e9publique, chanceli\u00e8re f\u00e9d\u00e9rale allemande et pr\u00e9sident de la R\u00e9publique de Pologne) s\u2019est tenu \u00e0 Varsovie le 7 f\u00e9vrier 2011, \u00e0 l\u2019occasion du vingti\u00e8me anniversaire du format Weimar. Les \u00e9changes existent \u00e9galement entre ministres et entre parlementaires ; les ministres des Affaires \u00e9trang\u00e8res du Triangle de Weimar, Jean-Yves Le Drian, Heiko Maas et Zbigniew Rau se sont ainsi rencontr\u00e9s le 15 octobre 2020 \u00e0 Paris.<\/p>\n<p style=\"text-align: left;\"><img loading=\"lazy\" decoding=\"async\" class=\" wp-image-43 aligncenter\" src=\"http:\/\/triangle-de-weimar.org\/wp-content\/uploads\/2021\/01\/rencontre-300x215.jpg\" alt=\"rencontre\" width=\"361\" height=\"258\" srcset=\"https:\/\/triangle-de-weimar.org\/wp-content\/uploads\/2021\/01\/rencontre-300x215.jpg 300w, https:\/\/triangle-de-weimar.org\/wp-content\/uploads\/2021\/01\/rencontre.jpg 493w\" sizes=\"auto, (max-width: 361px) 100vw, 361px\" \/><\/p>\n<p style=\"text-align: center;\"><strong>Les r\u00e9alisations du Triangle de Weimar depuis sa cr\u00e9ation<\/strong><\/p>\n<p style=\"text-align: left;\">Des coop\u00e9rations concr\u00e8tes ont \u00e9t\u00e9 mises en place dans un grand nombre de domaines.<\/p>\n<p style=\"text-align: left;\"><em>Affaires \u00e9trang\u00e8res<\/em>\u00a0: A la suite du Sommet de Mettlach, en d\u00e9cembre 2006, un module de formation commun \u00e0 l\u2019attention de jeunes diplomates allemands, fran\u00e7ais et polonais a \u00e9t\u00e9 mis en place. L\u2019Institut diplomatique et consulaire (IDC) du minist\u00e8re de l\u2019Europe et des Affaires \u00e9trang\u00e8res l\u2019organise chaque ann\u00e9e avec l\u2019Acad\u00e9mie diplomatique allemande et l\u2019Institut diplomatique polonais. La derni\u00e8re session s\u2019est tenue les 29 et 30 janvier 2018 \u00e0 Varsovie. Par ailleurs, une coop\u00e9ration entre les centres d\u2019analyse, de pr\u00e9vision et de strat\u00e9gie existe, et s\u2019est concr\u00e9tis\u00e9e en 2018 par une table-ronde en format Weimar sur l\u2019avenir de l\u2019Europe organis\u00e9e par l\u2019Ambassade de Pologne en France.<br \/>\n<em><br \/>\nPolitique de s\u00e9curit\u00e9 et de d\u00e9fense commune<\/em>\u00a0: Un courrier envoy\u00e9 en d\u00e9cembre 2010, par les ministres des Affaires \u00e9trang\u00e8res et de la D\u00e9fense des trois pays \u00e0 la Haute Repr\u00e9sentante de l\u2019Union europ\u00e9enne (alors Mme\u00a0Catherine Ashton) en vue d\u2019une relance de l\u2019Europe de la d\u00e9fense a conduit \u00e0 une r\u00e9union minist\u00e9rielle en format \u00ab\u00a0Weimar plus\u00a0\u00bb puis \u00e0 la cr\u00e9ation, le 23 janvier 2012, d\u2019un centre d\u2019op\u00e9ration et de planification de l\u2019Union europ\u00e9enne pour la Corne de l\u2019Afrique. Sur suggestion des ministres des Affaires \u00e9trang\u00e8res et de la D\u00e9fense fran\u00e7ais, allemand et polonais pr\u00e9sent\u00e9e en avril 2015 \u00e0 la Haute Repr\u00e9sentante (alors Mme\u00a0Federica Mogherini), une coop\u00e9ration structur\u00e9e renforc\u00e9e en mati\u00e8re de d\u00e9fense, \u00e0 laquelle participe une majorit\u00e9 d\u2019Etats-membres, a \u00e9t\u00e9 d\u00e9cid\u00e9e en 2018.<br \/>\n<em><br \/>\nCoop\u00e9ration universitaire<\/em>\u00a0: La coop\u00e9ration universitaire franco-germano-polonaise b\u00e9n\u00e9ficie d\u2019un point d\u2019appui avec l\u2019Universit\u00e9 europ\u00e9enne de la Viadrina, \u00e0 Francfort-sur-l\u2019Oder, \u00e0 la fronti\u00e8re germano-polonaise. La France met \u00e0 disposition de cette universit\u00e9 deux enseignants-chercheurs. Le master tri-national d\u2019\u00e9tudes europ\u00e9ennes \u00ab\u00a0Europa\u00a0\u00bb, inaugur\u00e9 en 2013, permet aux \u00e9tudiants d\u2019effectuer des mobilit\u00e9s d\u2019un semestre alternativement dans les universit\u00e9s d\u2019Opole (Pologne), de Mayence et de Dijon.<\/p>\n<p style=\"text-align: left;\"><em>Recherche\u00a0<\/em>: La Fondation Genshagen, situ\u00e9e pr\u00e8s de Berlin, qui \u00e9tait initialement un centre franco-allemand, associe d\u00e9sormais la Pologne et conduit des projets de recherche trilat\u00e9raux. Par ailleurs, le Centre Marc-Bloch de Berlin et le Centre de civilisation fran\u00e7aise de Varsovie organisent r\u00e9guli\u00e8rement des colloques en format Weimar dans le domaine des sciences humaines et sociales.<\/p>\n<p style=\"text-align: left;\"><em>Culture<\/em>\u00a0: Depuis 2006, un prix Adam Mickiewicz est remis chaque ann\u00e9e par le Comit\u00e9 pour la promotion de la coop\u00e9ration franco-germano-polonaise \u00e0 des institutions ou des personnalit\u00e9s qui ont contribu\u00e9 aux relations entre les trois pays. Dans le domaine de la coop\u00e9ration d\u00e9centralis\u00e9e, le r\u00e9seau Eurocit\u00e9s a \u00e9t\u00e9 r\u00e9compens\u00e9 pour avoir permis le montage de nombreux projets europ\u00e9ens entre les trois partenaires du triangle de Weimar via INTERREG, ESPON, Leonardo, Jeunesse en action, etc. Dans le cadre d\u2019INTERREG, il existe \u00e9galement des coop\u00e9rations interr\u00e9gionales du triangle de Weimar (Hauts-de-France, Rh\u00e9nanie-Du-Nord-Westphalie et Sil\u00e9sie\u00a0; \u00cele-de-France, Brandebourg et Mazovie.)<\/p>\n<p style=\"text-align: left;\"><em>Soci\u00e9t\u00e9 civile\u00a0<\/em>: La soci\u00e9t\u00e9 civile, comprise comme l\u2019ensemble des acteurs non-institutionnels, fait directement vivre la coop\u00e9ration trilat\u00e9rale du Triangle de Weimar. De nombreux projets ont \u00e9t\u00e9 mis en place par des associations pr\u00e9sentes dans les trois pays (\u00c9change de jeunes, jumelages de villes, manifestations culturelles). Ces associations sont souvent partenaires et constituent un r\u00e9seau de citoyens engag\u00e9s dans les relations entre la France, l\u2019Allemagne et la Pologne. Par leurs contacts, ces structures de la soci\u00e9t\u00e9 civile inscrivent le Triangle de Weimar dans la dur\u00e9e. Des projets tels le projet Europamobil, financ\u00e9 par la fondation Genshagen, ou le projet de Parlement franco-germano-polonais des jeunes coordonn\u00e9 par la Maison de l\u2019Europe des Yvelines, se sont d\u00e9velopp\u00e9s dans ce cadre.<\/p>\n<p style=\"text-align: left;\">L&rsquo;association le Triangle de Weimar entend faire vivre ces objectifs \u00e0 travers ses missions et ses activit\u00e9s en organisant des rencontres transnationales entre nos trois pays.<\/p>\n","protected":false},"excerpt":{"rendered":"<p>Le Triangle de Weimar est un forum de coop\u00e9ration compos\u00e9 de la France, l&rsquo;Allemagne et la Pologne, trois pays qui p\u00e8sent un poids consid\u00e9rable en Europe, avec 200 millions d&rsquo;habitants (sur les 500 millions que compte l&rsquo;Union europ\u00e9enne). L&rsquo;initiative de &hellip; <a href=\"https:\/\/triangle-de-weimar.org\/index.php\/lhistoire-du-triangle-de-weimar\/\">Continuer la lecture <span class=\"meta-nav\">&rarr;<\/span><\/a><\/p>\n","protected":false},"author":1,"featured_media":0,"parent":0,"menu_order":0,"comment_status":"closed","ping_status":"closed","template":"","meta":{"footnotes":""},"class_list":["post-29","page","type-page","status-publish","hentry"],"_links":{"self":[{"href":"https:\/\/triangle-de-weimar.org\/index.php\/wp-json\/wp\/v2\/pages\/29","targetHints":{"allow":["GET"]}}],"collection":[{"href":"https:\/\/triangle-de-weimar.org\/index.php\/wp-json\/wp\/v2\/pages"}],"about":[{"href":"https:\/\/triangle-de-weimar.org\/index.php\/wp-json\/wp\/v2\/types\/page"}],"author":[{"embeddable":true,"href":"https:\/\/triangle-de-weimar.org\/index.php\/wp-json\/wp\/v2\/users\/1"}],"replies":[{"embeddable":true,"href":"https:\/\/triangle-de-weimar.org\/index.php\/wp-json\/wp\/v2\/comments?post=29"}],"version-history":[{"count":7,"href":"https:\/\/triangle-de-weimar.org\/index.php\/wp-json\/wp\/v2\/pages\/29\/revisions"}],"predecessor-version":[{"id":44,"href":"https:\/\/triangle-de-weimar.org\/index.php\/wp-json\/wp\/v2\/pages\/29\/revisions\/44"}],"wp:attachment":[{"href":"https:\/\/triangle-de-weimar.org\/index.php\/wp-json\/wp\/v2\/media?parent=29"}],"curies":[{"name":"wp","href":"https:\/\/api.w.org\/{rel}","templated":true}]}}