{"id":26,"date":"2021-01-01T20:10:41","date_gmt":"2021-01-01T19:10:41","guid":{"rendered":"http:\/\/triangle-de-weimar.org\/?page_id=26"},"modified":"2021-01-24T12:36:38","modified_gmt":"2021-01-24T11:36:38","slug":"rejoignez-nous","status":"publish","type":"page","link":"https:\/\/triangle-de-weimar.org\/index.php\/rejoignez-nous\/","title":{"rendered":"Devenir membre"},"content":{"rendered":"<p>Rejoignez-nous!<\/p>\n<p>Avec chaque nouveau membre, l\u2018association r\u00e9ussit \u00e0 donner encore plus d\u2018importance \u00e0 la coop\u00e9ration de nos trois pays. Avec votre adh\u00e9sion, vous soutenez et cultivez l\u2018amiti\u00e9 germano-franco-polonaise.<\/p>\n<p>Pour devenir membre, veuillez remplir le formulaire ci-dessous et le renvoyer \u00e0 l&rsquo;adresse <a href=\"mailto:association@triangle-de-waimar.org\">association@triangle-de-waimar.org\u00a0<\/a><\/p>\n<p><a href=\"http:\/\/triangle-de-weimar.org\/wp-content\/uploads\/2021\/01\/Formulaire-dadh\u00e9sion-individuelle.docx\">Formulaire d&rsquo;adh\u00e9sion individuelle<\/a><\/p>\n<p><a href=\"http:\/\/triangle-de-weimar.org\/wp-content\/uploads\/2021\/01\/Formulaire-dadh\u00e9sion-pour-les-associations.docx\">Formulaire d&rsquo;adh\u00e9sion pour les associations<\/a><\/p>\n","protected":false},"excerpt":{"rendered":"<p>Rejoignez-nous! Avec chaque nouveau membre, l\u2018association r\u00e9ussit \u00e0 donner encore plus d\u2018importance \u00e0 la coop\u00e9ration de nos trois pays. Avec votre adh\u00e9sion, vous soutenez et cultivez l\u2018amiti\u00e9 germano-franco-polonaise. Pour devenir membre, veuillez remplir le formulaire ci-dessous et le renvoyer \u00e0 &hellip; <a href=\"https:\/\/triangle-de-weimar.org\/index.php\/rejoignez-nous\/\">Continuer la lecture <span class=\"meta-nav\">&rarr;<\/span><\/a><\/p>\n","protected":false},"author":1,"featured_media":0,"parent":0,"menu_order":0,"comment_status":"closed","ping_status":"closed","template":"","meta":{"footnotes":""},"class_list":["post-26","page","type-page","status-publish","hentry"],"_links":{"self":[{"href":"https:\/\/triangle-de-weimar.org\/index.php\/wp-json\/wp\/v2\/pages\/26","targetHints":{"allow":["GET"]}}],"collection":[{"href":"https:\/\/triangle-de-weimar.org\/index.php\/wp-json\/wp\/v2\/pages"}],"about":[{"href":"https:\/\/triangle-de-weimar.org\/index.php\/wp-json\/wp\/v2\/types\/page"}],"author":[{"embeddable":true,"href":"https:\/\/triangle-de-weimar.org\/index.php\/wp-json\/wp\/v2\/users\/1"}],"replies":[{"embeddable":true,"href":"https:\/\/triangle-de-weimar.org\/index.php\/wp-json\/wp\/v2\/comments?post=26"}],"version-history":[{"count":6,"href":"https:\/\/triangle-de-weimar.org\/index.php\/wp-json\/wp\/v2\/pages\/26\/revisions"}],"predecessor-version":[{"id":110,"href":"https:\/\/triangle-de-weimar.org\/index.php\/wp-json\/wp\/v2\/pages\/26\/revisions\/110"}],"wp:attachment":[{"href":"https:\/\/triangle-de-weimar.org\/index.php\/wp-json\/wp\/v2\/media?parent=26"}],"curies":[{"name":"wp","href":"https:\/\/api.w.org\/{rel}","templated":true}]}}