{"id":169,"date":"2021-03-30T19:40:21","date_gmt":"2021-03-30T17:40:21","guid":{"rendered":"http:\/\/triangle-de-weimar.org\/?page_id=169"},"modified":"2021-03-30T19:40:21","modified_gmt":"2021-03-30T17:40:21","slug":"confidentialite","status":"publish","type":"page","link":"https:\/\/triangle-de-weimar.org\/index.php\/confidentialite\/","title":{"rendered":"Confidentialit\u00e9"},"content":{"rendered":"\n<p>Aucune information personnelle n\u2019est collect\u00e9e \u00e0 votre insu, ni c\u00e9d\u00e9e \u00e0 des tiers. La pr\u00e9sence d\u2019un cookie sur site n\u2019est utilis\u00e9e que pour am\u00e9liorer la navigation, aucun historique ni sauvegarde de donn\u00e9es personnelles n\u2019est mis en \u0153uvre. Ce site b\u00e9n\u00e9ficie du syst\u00e8me d\u2019analyse de visites de Google. Ainsi une partie de votre comportement de navigation, anonymis\u00e9, est conserv\u00e9 par ce dernier. <\/p>\n","protected":false},"excerpt":{"rendered":"<p>Aucune information personnelle n\u2019est collect\u00e9e \u00e0 votre insu, ni c\u00e9d\u00e9e \u00e0 des tiers. La pr\u00e9sence d\u2019un cookie sur site n\u2019est utilis\u00e9e que pour am\u00e9liorer la navigation, aucun historique ni sauvegarde de donn\u00e9es personnelles n\u2019est mis en \u0153uvre. Ce site b\u00e9n\u00e9ficie &hellip; <a href=\"https:\/\/triangle-de-weimar.org\/index.php\/confidentialite\/\">Continuer la lecture <span class=\"meta-nav\">&rarr;<\/span><\/a><\/p>\n","protected":false},"author":1,"featured_media":0,"parent":0,"menu_order":0,"comment_status":"closed","ping_status":"closed","template":"","meta":{"footnotes":""},"class_list":["post-169","page","type-page","status-publish","hentry"],"_links":{"self":[{"href":"https:\/\/triangle-de-weimar.org\/index.php\/wp-json\/wp\/v2\/pages\/169","targetHints":{"allow":["GET"]}}],"collection":[{"href":"https:\/\/triangle-de-weimar.org\/index.php\/wp-json\/wp\/v2\/pages"}],"about":[{"href":"https:\/\/triangle-de-weimar.org\/index.php\/wp-json\/wp\/v2\/types\/page"}],"author":[{"embeddable":true,"href":"https:\/\/triangle-de-weimar.org\/index.php\/wp-json\/wp\/v2\/users\/1"}],"replies":[{"embeddable":true,"href":"https:\/\/triangle-de-weimar.org\/index.php\/wp-json\/wp\/v2\/comments?post=169"}],"version-history":[{"count":1,"href":"https:\/\/triangle-de-weimar.org\/index.php\/wp-json\/wp\/v2\/pages\/169\/revisions"}],"predecessor-version":[{"id":170,"href":"https:\/\/triangle-de-weimar.org\/index.php\/wp-json\/wp\/v2\/pages\/169\/revisions\/170"}],"wp:attachment":[{"href":"https:\/\/triangle-de-weimar.org\/index.php\/wp-json\/wp\/v2\/media?parent=169"}],"curies":[{"name":"wp","href":"https:\/\/api.w.org\/{rel}","templated":true}]}}