{"id":124,"date":"2021-01-25T23:16:51","date_gmt":"2021-01-25T22:16:51","guid":{"rendered":"http:\/\/triangle-de-weimar.org\/?page_id=124"},"modified":"2021-01-25T23:16:51","modified_gmt":"2021-01-25T22:16:51","slug":"nous-rejoindre","status":"publish","type":"page","link":"https:\/\/triangle-de-weimar.org\/index.php\/nous-rejoindre\/","title":{"rendered":"Nous rejoindre"},"content":{"rendered":"<p>Vous voulez soutenir ou coop\u00e9rer avec l&rsquo;Association Triangle de Weimar, vous pouvez consulter les pages suivantes :<\/p>\n<p><a href=\"http:\/\/triangle-de-weimar.org\/index.php\/devenir-benevole\/\">Devenir b\u00e9n\u00e9vole<\/a><\/p>\n<p><a href=\"http:\/\/triangle-de-weimar.org\/index.php\/rejoignez-nous\/\">Devenir membre<\/a><\/p>\n<p><a href=\"http:\/\/triangle-de-weimar.org\/index.php\/devenir-partenaire\/\">Devenir partenaire<\/a><\/p>\n<p><a href=\"http:\/\/triangle-de-weimar.org\/index.php\/statuts\/\">Statuts<\/a><\/p>\n","protected":false},"excerpt":{"rendered":"<p>Vous voulez soutenir ou coop\u00e9rer avec l&rsquo;Association Triangle de Weimar, vous pouvez consulter les pages suivantes : Devenir b\u00e9n\u00e9vole Devenir membre Devenir partenaire Statuts<\/p>\n","protected":false},"author":1,"featured_media":0,"parent":0,"menu_order":0,"comment_status":"closed","ping_status":"closed","template":"","meta":{"footnotes":""},"class_list":["post-124","page","type-page","status-publish","hentry"],"_links":{"self":[{"href":"https:\/\/triangle-de-weimar.org\/index.php\/wp-json\/wp\/v2\/pages\/124","targetHints":{"allow":["GET"]}}],"collection":[{"href":"https:\/\/triangle-de-weimar.org\/index.php\/wp-json\/wp\/v2\/pages"}],"about":[{"href":"https:\/\/triangle-de-weimar.org\/index.php\/wp-json\/wp\/v2\/types\/page"}],"author":[{"embeddable":true,"href":"https:\/\/triangle-de-weimar.org\/index.php\/wp-json\/wp\/v2\/users\/1"}],"replies":[{"embeddable":true,"href":"https:\/\/triangle-de-weimar.org\/index.php\/wp-json\/wp\/v2\/comments?post=124"}],"version-history":[{"count":1,"href":"https:\/\/triangle-de-weimar.org\/index.php\/wp-json\/wp\/v2\/pages\/124\/revisions"}],"predecessor-version":[{"id":125,"href":"https:\/\/triangle-de-weimar.org\/index.php\/wp-json\/wp\/v2\/pages\/124\/revisions\/125"}],"wp:attachment":[{"href":"https:\/\/triangle-de-weimar.org\/index.php\/wp-json\/wp\/v2\/media?parent=124"}],"curies":[{"name":"wp","href":"https:\/\/api.w.org\/{rel}","templated":true}]}}