{"id":121,"date":"2021-01-25T22:54:28","date_gmt":"2021-01-25T21:54:28","guid":{"rendered":"http:\/\/triangle-de-weimar.org\/?page_id=121"},"modified":"2021-03-21T15:09:17","modified_gmt":"2021-03-21T14:09:17","slug":"calendrier","status":"publish","type":"page","link":"https:\/\/triangle-de-weimar.org\/index.php\/calendrier\/","title":{"rendered":"Calendrier"},"content":{"rendered":"<p>21-25 septembre 2021 : Colloque \u00e0 l&rsquo;Universit\u00e9 Montpellier 3 sur \u00ab\u00a0l&rsquo;Int\u00e9gration europ\u00e9enne et les relations culturelles\u00a0\u00bb<\/p>\n<p>14-17 octobre 2021 : Congr\u00e8s Franco-Allemand organis\u00e9 par FAFA pour l&rsquo;Europe \u00e0 Saint-Brieuc<\/p>\n<p>Octobre 2021 : Exposition anniversaire pour les Trente ans du Triangle de Weimar<\/p>\n<p>22 novembre 2021 : Conf\u00e9rence \u00ab\u00a0Napol\u00e9on et l&rsquo;Europe d&rsquo;aujourd&rsquo;hui\u00a0\u00bb \u00e0 l&rsquo;Institut Goethe de Paris<\/p>\n<p>&nbsp;<\/p>\n<p>&nbsp;<\/p>\n","protected":false},"excerpt":{"rendered":"<p>21-25 septembre 2021 : Colloque \u00e0 l&rsquo;Universit\u00e9 Montpellier 3 sur \u00ab\u00a0l&rsquo;Int\u00e9gration europ\u00e9enne et les relations culturelles\u00a0\u00bb 14-17 octobre 2021 : Congr\u00e8s Franco-Allemand organis\u00e9 par FAFA pour l&rsquo;Europe \u00e0 Saint-Brieuc Octobre 2021 : Exposition anniversaire pour les Trente ans du Triangle &hellip; <a href=\"https:\/\/triangle-de-weimar.org\/index.php\/calendrier\/\">Continuer la lecture <span class=\"meta-nav\">&rarr;<\/span><\/a><\/p>\n","protected":false},"author":1,"featured_media":0,"parent":0,"menu_order":0,"comment_status":"closed","ping_status":"closed","template":"","meta":{"footnotes":""},"class_list":["post-121","page","type-page","status-publish","hentry"],"_links":{"self":[{"href":"https:\/\/triangle-de-weimar.org\/index.php\/wp-json\/wp\/v2\/pages\/121","targetHints":{"allow":["GET"]}}],"collection":[{"href":"https:\/\/triangle-de-weimar.org\/index.php\/wp-json\/wp\/v2\/pages"}],"about":[{"href":"https:\/\/triangle-de-weimar.org\/index.php\/wp-json\/wp\/v2\/types\/page"}],"author":[{"embeddable":true,"href":"https:\/\/triangle-de-weimar.org\/index.php\/wp-json\/wp\/v2\/users\/1"}],"replies":[{"embeddable":true,"href":"https:\/\/triangle-de-weimar.org\/index.php\/wp-json\/wp\/v2\/comments?post=121"}],"version-history":[{"count":3,"href":"https:\/\/triangle-de-weimar.org\/index.php\/wp-json\/wp\/v2\/pages\/121\/revisions"}],"predecessor-version":[{"id":168,"href":"https:\/\/triangle-de-weimar.org\/index.php\/wp-json\/wp\/v2\/pages\/121\/revisions\/168"}],"wp:attachment":[{"href":"https:\/\/triangle-de-weimar.org\/index.php\/wp-json\/wp\/v2\/media?parent=121"}],"curies":[{"name":"wp","href":"https:\/\/api.w.org\/{rel}","templated":true}]}}