{"id":80,"date":"2021-01-12T19:14:14","date_gmt":"2021-01-12T18:14:14","guid":{"rendered":"http:\/\/triangle-de-weimar.org\/?page_id=80"},"modified":"2021-01-24T12:14:06","modified_gmt":"2021-01-24T11:14:06","slug":"devenir-benevole","status":"publish","type":"page","link":"http:\/\/triangle-de-weimar.org\/index.php\/devenir-benevole\/","title":{"rendered":"Devenir b\u00e9n\u00e9vole"},"content":{"rendered":"<p>S&rsquo;engager dans l&rsquo;Association Triangle de Weimar, c&rsquo;est participer activement et contribuer \u00e0 l&rsquo;am\u00e9lioration et l&rsquo;approfondissement des relations franco-germano-polonaises. Chaque membre de la soci\u00e9t\u00e9 civile a l\u2019opportunit\u00e9 de soutenir cet objectif.<\/p>\n<p>C&rsquo;est aussi rejoindre une \u00e9quipe passionn\u00e9e par l&rsquo;amiti\u00e9 franco-germano-polonaise et avec laquelle le b\u00e9n\u00e9vole partage les valeurs europ\u00e9ennes, d&rsquo;ouverture et de curiosit\u00e9.<\/p>\n<p>Toute personne souhaitant contribuer \u00e0 l&rsquo;approfondissement des relations trilat\u00e9rales est la bienvenue.<\/p>\n<p>Pour rejoindre notre \u00e9quipe, vous pouvez nous \u00e9crire \u00e0 l&rsquo;adresse suivante : <a href=\"mailto:association@triangle-de-weimar.org\">association@triangle-de-weimar.org<\/a><\/p>\n<p>&nbsp;<\/p>\n","protected":false},"excerpt":{"rendered":"<p>S&rsquo;engager dans l&rsquo;Association Triangle de Weimar, c&rsquo;est participer activement et contribuer \u00e0 l&rsquo;am\u00e9lioration et l&rsquo;approfondissement des relations franco-germano-polonaises. Chaque membre de la soci\u00e9t\u00e9 civile a l\u2019opportunit\u00e9 de soutenir cet objectif. C&rsquo;est aussi rejoindre une \u00e9quipe passionn\u00e9e par l&rsquo;amiti\u00e9 franco-germano-polonaise et &hellip; <a href=\"http:\/\/triangle-de-weimar.org\/index.php\/devenir-benevole\/\">Continuer la lecture <span class=\"meta-nav\">&rarr;<\/span><\/a><\/p>\n","protected":false},"author":1,"featured_media":0,"parent":0,"menu_order":0,"comment_status":"closed","ping_status":"closed","template":"","meta":{"footnotes":""},"class_list":["post-80","page","type-page","status-publish","hentry"],"_links":{"self":[{"href":"http:\/\/triangle-de-weimar.org\/index.php\/wp-json\/wp\/v2\/pages\/80","targetHints":{"allow":["GET"]}}],"collection":[{"href":"http:\/\/triangle-de-weimar.org\/index.php\/wp-json\/wp\/v2\/pages"}],"about":[{"href":"http:\/\/triangle-de-weimar.org\/index.php\/wp-json\/wp\/v2\/types\/page"}],"author":[{"embeddable":true,"href":"http:\/\/triangle-de-weimar.org\/index.php\/wp-json\/wp\/v2\/users\/1"}],"replies":[{"embeddable":true,"href":"http:\/\/triangle-de-weimar.org\/index.php\/wp-json\/wp\/v2\/comments?post=80"}],"version-history":[{"count":3,"href":"http:\/\/triangle-de-weimar.org\/index.php\/wp-json\/wp\/v2\/pages\/80\/revisions"}],"predecessor-version":[{"id":106,"href":"http:\/\/triangle-de-weimar.org\/index.php\/wp-json\/wp\/v2\/pages\/80\/revisions\/106"}],"wp:attachment":[{"href":"http:\/\/triangle-de-weimar.org\/index.php\/wp-json\/wp\/v2\/media?parent=80"}],"curies":[{"name":"wp","href":"https:\/\/api.w.org\/{rel}","templated":true}]}}