{"id":52,"date":"2021-01-01T21:13:09","date_gmt":"2021-01-01T20:13:09","guid":{"rendered":"http:\/\/triangle-de-weimar.org\/?page_id=52"},"modified":"2021-01-12T19:00:19","modified_gmt":"2021-01-12T18:00:19","slug":"nos-missions","status":"publish","type":"page","link":"http:\/\/triangle-de-weimar.org\/index.php\/nos-missions\/","title":{"rendered":"Nos missions"},"content":{"rendered":"<p><img loading=\"lazy\" decoding=\"async\" class=\"alignnone size-medium wp-image-54 aligncenter\" src=\"http:\/\/triangle-de-weimar.org\/wp-content\/uploads\/2021\/01\/drapeaux-2-300x169.jpg\" alt=\"drapeaux 2\" width=\"300\" height=\"169\" srcset=\"http:\/\/triangle-de-weimar.org\/wp-content\/uploads\/2021\/01\/drapeaux-2-300x169.jpg 300w, http:\/\/triangle-de-weimar.org\/wp-content\/uploads\/2021\/01\/drapeaux-2-768x432.jpg 768w, http:\/\/triangle-de-weimar.org\/wp-content\/uploads\/2021\/01\/drapeaux-2.jpg 945w\" sizes=\"auto, (max-width: 300px) 100vw, 300px\" \/><\/p>\n<p>L&rsquo;Association du Triangle de Weimar a \u00e9t\u00e9 fond\u00e9e afin de permettre \u00e0 la soci\u00e9t\u00e9 civile de prendre part et de donner vie au projet du Triangle de Weimar.<\/p>\n<p>Le but de l&rsquo;association est de promouvoir la compr\u00e9hension et l&rsquo;amiti\u00e9 entre la Pologne, la France et l&rsquo;Allemagne, dans le cadre de l\u2019Union Europ\u00e9enne.\u00a0L\u2019Association souhaite contribuer au d\u00e9veloppement de cette coop\u00e9ration trilat\u00e9rale en portant aux populations civiles une conscience commune ayant pour but d\u2019initier des projets culturels et sociaux. L\u2019Association s\u2019engage \u00e0 mettre en \u0153uvre des actions ayant un caract\u00e8re social, apolitique, ind\u00e9pendant et destin\u00e9 \u00e0 l\u2019int\u00e9r\u00eat g\u00e9n\u00e9ral.<\/p>\n<p>L&rsquo;association veut \u00eatre un point de contact et d&rsquo;information pour toutes les activit\u00e9s qui servent \u00e0 renforcer l&rsquo;amiti\u00e9 trilat\u00e9rale en Europe. Il s&rsquo;agit notamment des gouvernements et des organismes publics, des association franco-allemandes et franco-polonaises, des fondations et des instituts, des partenariats r\u00e9gionaux, des villes fran\u00e7aises avec leurs villes jumelles polonaises et allemandes et d&rsquo;autres parties int\u00e9ress\u00e9es. L&rsquo;objectif est de regrouper ces contacts dans un m\u00eame r\u00e9seau.<\/p>\n<p>La diversit\u00e9 des partenaires refl\u00e8te celle de nos activit\u00e9s\u00a0: cours de langue, voyages d&rsquo;\u00e9tudes, manifestations sur la musique et la litt\u00e9rature, promotion des contacts et de la coop\u00e9ration \u00e9conomiques, projets d&rsquo;aide sociale, manifestations sportives et enfin et surtout \u00e9changes culturels. L&rsquo;association est d\u00e9mocratique, non partisane et ind\u00e9pendante.<\/p>\n<p>&nbsp;<\/p>\n","protected":false},"excerpt":{"rendered":"<p>L&rsquo;Association du Triangle de Weimar a \u00e9t\u00e9 fond\u00e9e afin de permettre \u00e0 la soci\u00e9t\u00e9 civile de prendre part et de donner vie au projet du Triangle de Weimar. Le but de l&rsquo;association est de promouvoir la compr\u00e9hension et l&rsquo;amiti\u00e9 entre &hellip; <a href=\"http:\/\/triangle-de-weimar.org\/index.php\/nos-missions\/\">Continuer la lecture <span class=\"meta-nav\">&rarr;<\/span><\/a><\/p>\n","protected":false},"author":1,"featured_media":0,"parent":0,"menu_order":0,"comment_status":"closed","ping_status":"closed","template":"","meta":{"footnotes":""},"class_list":["post-52","page","type-page","status-publish","hentry"],"_links":{"self":[{"href":"http:\/\/triangle-de-weimar.org\/index.php\/wp-json\/wp\/v2\/pages\/52","targetHints":{"allow":["GET"]}}],"collection":[{"href":"http:\/\/triangle-de-weimar.org\/index.php\/wp-json\/wp\/v2\/pages"}],"about":[{"href":"http:\/\/triangle-de-weimar.org\/index.php\/wp-json\/wp\/v2\/types\/page"}],"author":[{"embeddable":true,"href":"http:\/\/triangle-de-weimar.org\/index.php\/wp-json\/wp\/v2\/users\/1"}],"replies":[{"embeddable":true,"href":"http:\/\/triangle-de-weimar.org\/index.php\/wp-json\/wp\/v2\/comments?post=52"}],"version-history":[{"count":4,"href":"http:\/\/triangle-de-weimar.org\/index.php\/wp-json\/wp\/v2\/pages\/52\/revisions"}],"predecessor-version":[{"id":76,"href":"http:\/\/triangle-de-weimar.org\/index.php\/wp-json\/wp\/v2\/pages\/52\/revisions\/76"}],"wp:attachment":[{"href":"http:\/\/triangle-de-weimar.org\/index.php\/wp-json\/wp\/v2\/media?parent=52"}],"curies":[{"name":"wp","href":"https:\/\/api.w.org\/{rel}","templated":true}]}}